{"id":150,"date":"2021-04-09T12:37:13","date_gmt":"2021-04-09T12:37:13","guid":{"rendered":"https:\/\/mobiloso.com\/?page_id=150"},"modified":"2021-04-09T12:47:55","modified_gmt":"2021-04-09T12:47:55","slug":"quienes-somos","status":"publish","type":"page","link":"https:\/\/mobiloso.com\/?page_id=150","title":{"rendered":"Quienes somos"},"content":{"rendered":"\n<h3 class=\"wp-block-heading\">Nuestra empresa<\/h3>\n\n\n\n<blockquote class=\"wp-block-quote is-layout-flow wp-block-quote-is-layout-flow\"><p>Nuestra empresa Self Retail Automatics S.L. ha sido pionera en 2008 dando un nuevo enfoque a la de venta de accesorios de telefon\u00eda m\u00f3vil a trav\u00e9s de expendedoras, un mercado con un crecimiento interanual constante del 10% en los \u00faltimos a\u00f1os.<\/p><\/blockquote>\n\n\n\n<p>Esta nueva oferta y nuestro buen hacer nos ha permitido ingresar en localizaciones e instituciones como Metro, Renfe, centros comerciales y cadenas hoteleras, con excelente aceptaci\u00f3n y resultados por parte de las ubicaciones y sus clientes.<\/p>\n\n\n\n<p>Mobiloso basa sus principales ventajas competitivas en:<\/p>\n\n\n\n<ul class=\"wp-block-list\"><li>Ofrecer el accesorios ah\u00ed donde el cliente m\u00e1s lo necesita<\/li><li>Continua actualizaci\u00f3n de producto, de calidad y a precio asequible <\/li><li>Bajos costes operativos<\/li><li>Servicio apreciado por las localizaciones y sin inversi\u00f3n<\/li><li>Desarrollo de m\u00e1quinas expendedoras y soluciones de gesti\u00f3n propias<\/li><\/ul>\n\n\n\n<figure class=\"wp-block-image size-medium is-resized\"><img loading=\"lazy\" decoding=\"async\" src=\"https:\/\/mobiloso.com\/wp-content\/uploads\/2021\/04\/logo-innov-iberia-1-300x98.png\" alt=\"\" class=\"wp-image-156\" width=\"150\" height=\"49\" srcset=\"https:\/\/mobiloso.com\/wp-content\/uploads\/2021\/04\/logo-innov-iberia-1-300x98.png 300w, https:\/\/mobiloso.com\/wp-content\/uploads\/2021\/04\/logo-innov-iberia-1-1024x333.png 1024w, https:\/\/mobiloso.com\/wp-content\/uploads\/2021\/04\/logo-innov-iberia-1-768x250.png 768w, https:\/\/mobiloso.com\/wp-content\/uploads\/2021\/04\/logo-innov-iberia-1-1536x500.png 1536w, https:\/\/mobiloso.com\/wp-content\/uploads\/2021\/04\/logo-innov-iberia-1-2048x666.png 2048w\" sizes=\"auto, (max-width: 150px) 100vw, 150px\" \/><\/figure>\n\n\n\n<p>Actualmente nuestra empresa dispone de mas de 100 ubicaciones y esta participada por el grupo franc\u00e9s INNOV8 ( www.innov8.fr ) distribuidor lider de acceosorios en Europa.<\/p>\n\n\n\n<p><\/p>\n","protected":false},"excerpt":{"rendered":"<div class=\"slide-text-bg2\"><span>Nuestra empresa Nuestra empresa Self Retail Automatics S.L. ha sido pionera en 2008 dando un nuevo enfoque a la de venta de accesorios de telefon\u00eda m\u00f3vil<\/span><\/div>\n<div class=\"slide-btn-area-sm\"><a href=\"https:\/\/mobiloso.com\/?page_id=150\" class=\"slide-btn-sm\">Leer m\u00e1s<\/a><\/div>\n","protected":false},"author":1,"featured_media":0,"parent":0,"menu_order":0,"comment_status":"closed","ping_status":"closed","template":"","meta":{"footnotes":""},"class_list":["post-150","page","type-page","status-publish","hentry"],"_links":{"self":[{"href":"https:\/\/mobiloso.com\/index.php?rest_route=\/wp\/v2\/pages\/150","targetHints":{"allow":["GET"]}}],"collection":[{"href":"https:\/\/mobiloso.com\/index.php?rest_route=\/wp\/v2\/pages"}],"about":[{"href":"https:\/\/mobiloso.com\/index.php?rest_route=\/wp\/v2\/types\/page"}],"author":[{"embeddable":true,"href":"https:\/\/mobiloso.com\/index.php?rest_route=\/wp\/v2\/users\/1"}],"replies":[{"embeddable":true,"href":"https:\/\/mobiloso.com\/index.php?rest_route=%2Fwp%2Fv2%2Fcomments&post=150"}],"version-history":[{"count":6,"href":"https:\/\/mobiloso.com\/index.php?rest_route=\/wp\/v2\/pages\/150\/revisions"}],"predecessor-version":[{"id":162,"href":"https:\/\/mobiloso.com\/index.php?rest_route=\/wp\/v2\/pages\/150\/revisions\/162"}],"wp:attachment":[{"href":"https:\/\/mobiloso.com\/index.php?rest_route=%2Fwp%2Fv2%2Fmedia&parent=150"}],"curies":[{"name":"wp","href":"https:\/\/api.w.org\/{rel}","templated":true}]}}