{"id":2,"date":"2021-04-06T08:08:21","date_gmt":"2021-04-06T08:08:21","guid":{"rendered":"http:\/\/_\/?page_id=2"},"modified":"2021-04-09T14:21:20","modified_gmt":"2021-04-09T14:21:20","slug":"sample-page","status":"publish","type":"page","link":"https:\/\/mobiloso.com\/?page_id=2","title":{"rendered":"Servicio"},"content":{"rendered":"\n<p>Porque la <strong>satisfacci\u00f3n de sus clientes<\/strong> es nuestro principal objetivo ofrecemos un servicio de venta autom\u00e1tica a trav\u00e9s de nuestras exclusivas vitrinas expendedoras. Nuestra oprerativa incluye la instalaci\u00f3n a nuestra cuenta de las exclusivas expendedoras y la operativa diaria <strong>sin gastos de inversi\u00f3n ni personal.<\/strong><\/p>\n\n\n\n<h3 class=\"has-white-color has-text-color has-background wp-block-heading\" id=\"sector-hotelero\" style=\"background-color:#395ca3\">SECTOR HOTELERO                                        <\/h3>\n\n\n\n<blockquote class=\"wp-block-quote is-layout-flow wp-block-quote-is-layout-flow\"><p>Cada d\u00eda m\u00e1s hu\u00e9spedes hacen un uso intensivo de sus dispositivos m\u00f3viles, para compartir experiencias, verificar reservas y vuelos e incluso para hacer sus fotos de viaje. &nbsp;Nunca fue tan importante como hoy estar siempre conectados. Presentes en:<\/p><\/blockquote>\n\n\n\n<figure class=\"wp-block-gallery columns-4 wp-block-gallery-1 is-layout-flex wp-block-gallery-is-layout-flex\"><ul class=\"blocks-gallery-grid\"><li class=\"blocks-gallery-item\"><figure><img loading=\"lazy\" decoding=\"async\" width=\"150\" height=\"112\" src=\"https:\/\/mobiloso.com\/wp-content\/uploads\/2021\/04\/Hilton-logo.png\" alt=\"\" data-id=\"83\" data-full-url=\"https:\/\/mobiloso.com\/wp-content\/uploads\/2021\/04\/Hilton-logo.png\" data-link=\"https:\/\/mobiloso.com\/?attachment_id=83\" class=\"wp-image-83\"\/><\/figure><\/li><li class=\"blocks-gallery-item\"><figure><img loading=\"lazy\" decoding=\"async\" width=\"200\" height=\"132\" src=\"https:\/\/mobiloso.com\/wp-content\/uploads\/2021\/04\/Melia-logo.png\" alt=\"\" data-id=\"82\" data-full-url=\"https:\/\/mobiloso.com\/wp-content\/uploads\/2021\/04\/Melia-logo.png\" data-link=\"https:\/\/mobiloso.com\/?attachment_id=82\" class=\"wp-image-82\"\/><\/figure><\/li><li class=\"blocks-gallery-item\"><figure><img loading=\"lazy\" decoding=\"async\" width=\"200\" height=\"87\" src=\"https:\/\/mobiloso.com\/wp-content\/uploads\/2021\/04\/accor-logo.png\" alt=\"\" data-id=\"84\" data-full-url=\"https:\/\/mobiloso.com\/wp-content\/uploads\/2021\/04\/accor-logo.png\" data-link=\"https:\/\/mobiloso.com\/?attachment_id=84\" class=\"wp-image-84\"\/><\/figure><\/li><li class=\"blocks-gallery-item\"><figure><img loading=\"lazy\" decoding=\"async\" width=\"120\" height=\"100\" src=\"https:\/\/mobiloso.com\/wp-content\/uploads\/2021\/04\/NH-hotel.png\" alt=\"\" data-id=\"81\" data-full-url=\"https:\/\/mobiloso.com\/wp-content\/uploads\/2021\/04\/NH-hotel.png\" data-link=\"https:\/\/mobiloso.com\/?attachment_id=81\" class=\"wp-image-81\"\/><\/figure><\/li><\/ul><\/figure>\n\n\n\n<p>Ofrezca en su hotel un nuevo servicio de accesorios tecnol\u00f3gicos a trav\u00e9s nuestra Boutique autom\u00e1tica para una inmediata satisfacci\u00f3n de sus clientes, todo sin gastos de inversi\u00f3n ni personal.<\/p>\n\n\n\n<h4 class=\"has-black-color has-text-color wp-block-heading\">GUEST EXPERIENCE: Boutique autom\u00e1tica de accesorios<\/h4>\n\n\n\n<figure class=\"wp-block-image size-large is-resized\"><img loading=\"lazy\" decoding=\"async\" src=\"https:\/\/mobiloso.com\/wp-content\/uploads\/2021\/04\/hotel-kiosk-1-1024x742.jpg\" alt=\"\" class=\"wp-image-71\" width=\"768\" height=\"557\" srcset=\"https:\/\/mobiloso.com\/wp-content\/uploads\/2021\/04\/hotel-kiosk-1-1024x742.jpg 1024w, https:\/\/mobiloso.com\/wp-content\/uploads\/2021\/04\/hotel-kiosk-1-300x218.jpg 300w, https:\/\/mobiloso.com\/wp-content\/uploads\/2021\/04\/hotel-kiosk-1-768x557.jpg 768w, https:\/\/mobiloso.com\/wp-content\/uploads\/2021\/04\/hotel-kiosk-1-1536x1114.jpg 1536w, https:\/\/mobiloso.com\/wp-content\/uploads\/2021\/04\/hotel-kiosk-1.jpg 1800w\" sizes=\"auto, (max-width: 768px) 100vw, 768px\" \/><\/figure>\n\n\n\n<p>Sus dimensiones extremadamente&nbsp; reducidas, su atractivo display iluminado y su acabado de madera &nbsp;customizable, convierten a&nbsp; la vitrina de Guestore en un elemento decorativo para el lobby.<\/p>\n\n\n\n<p>Cons\u00faltenos la amplia gama de acabados disponibles y la variedad de categor\u00edas de productos a ofrecer: tecnolog\u00eda, viaje, cuidado personal y regalos\/souvenir<\/p>\n\n\n\n<h3 class=\"has-white-color has-text-color has-background wp-block-heading\" style=\"background-color:#395ca3\">SECTOR SANITARIO<\/h3>\n\n\n\n<blockquote class=\"wp-block-quote is-layout-flow wp-block-quote-is-layout-flow\"><p><strong>La importancia de estar conectados<\/strong>,&nbsp; es un pilar esencial en un centro de salud actual y los dispositivos como m\u00f3viles y tabletas est\u00e1n presentes de forma ubicua desde los pacientes ingresados, sus acompa\u00f1antes y hasta el personal sanitario. Presentes en:<\/p><\/blockquote>\n\n\n\n<figure class=\"wp-block-gallery columns-2 wp-block-gallery-2 is-layout-flex wp-block-gallery-is-layout-flex\"><ul class=\"blocks-gallery-grid\"><li class=\"blocks-gallery-item\"><figure><img loading=\"lazy\" decoding=\"async\" width=\"200\" height=\"55\" src=\"https:\/\/mobiloso.com\/wp-content\/uploads\/2021\/04\/Grupoquiron.png\" alt=\"\" data-id=\"88\" data-link=\"https:\/\/mobiloso.com\/?attachment_id=88\" class=\"wp-image-88\"\/><\/figure><\/li><li class=\"blocks-gallery-item\"><figure><img loading=\"lazy\" decoding=\"async\" width=\"112\" height=\"60\" src=\"https:\/\/mobiloso.com\/wp-content\/uploads\/2021\/04\/SAcyr-2.png\" alt=\"\" data-id=\"92\" data-link=\"https:\/\/mobiloso.com\/?attachment_id=92\" class=\"wp-image-92\"\/><\/figure><\/li><\/ul><\/figure>\n\n\n\n<h4 class=\"wp-block-heading\">MEJORANDO LA CALIDAD ASISTENCIAL<\/h4>\n\n\n\n<p>Las <strong>expendedoras autom\u00e1ticas de accesorios <\/strong>espec\u00edfica para centros hospitalarios, ofrece con disponibilidad inmediata las 24hrs cargadores, cables de carga, bater\u00edas de emergencias, auriculares&nbsp; y m\u00e1s para que esa comunicaci\u00f3n tan importante nunca se detenga.<\/p>\n\n\n\n<figure class=\"wp-block-image size-large is-resized\"><img loading=\"lazy\" decoding=\"async\" src=\"https:\/\/mobiloso.com\/wp-content\/uploads\/2021\/04\/Sagrat-Cor-B-2.jpg\" alt=\"\" class=\"wp-image-36\" width=\"620\" height=\"535\" srcset=\"https:\/\/mobiloso.com\/wp-content\/uploads\/2021\/04\/Sagrat-Cor-B-2.jpg 826w, https:\/\/mobiloso.com\/wp-content\/uploads\/2021\/04\/Sagrat-Cor-B-2-300x259.jpg 300w, https:\/\/mobiloso.com\/wp-content\/uploads\/2021\/04\/Sagrat-Cor-B-2-768x663.jpg 768w\" sizes=\"auto, (max-width: 620px) 100vw, 620px\" \/><\/figure>\n\n\n\n<p>Estamos <strong>en grupos hospitalarios p\u00fablicos y privados<\/strong> de la pen\u00ednsula, ofreciendo un&nbsp; servicio de calidad muy valorado por los pacientes del hospital y tambi\u00e9n por el personal sanitario que se beneficia de la disponibilidad inmediata durante su jornada laboral.<\/p>\n\n\n\n<p>Nuestras expendedoras por&nbsp; sus dimensiones muy reducidas y tecnolog\u00eda, <strong>est\u00e1n adaptadas perfectamente al entorno&nbsp; hospitalario<\/strong>, <strong>mejorando significativamente la experiencia<\/strong> del paciente en el centro, ya sea en situaciones de emergencia cuando m\u00e1s necesita comunicar y no dispone de carga o adquiriendo como ejemplo auriculares &nbsp;para amenizar&nbsp; su espera con m\u00fasica.<\/p>\n\n\n\n<h3 class=\"has-white-color has-text-color has-background wp-block-heading\" style=\"background-color:#395ca3\">SECTOR RETAIL<\/h3>\n\n\n\n<blockquote class=\"wp-block-quote is-layout-flow wp-block-quote-is-layout-flow\"><p>La venta de accesorios para el m\u00f3vil en grandes superficies como supermercados e hipermercados es todo un desaf\u00edo: constante actualizaci\u00f3n de productos y obsoletos, gesti\u00f3n de alarmas y robos, inmovilizado de gran coste. Presentes en:<\/p><\/blockquote>\n\n\n\n<h4 class=\"wp-block-heading\">VENTA DE ACCESORIOS PARA EL M\u00d3VIL EN GRANDES SUPERFICIES<\/h4>\n\n\n\n<figure class=\"wp-block-gallery columns-1 wp-block-gallery-3 is-layout-flex wp-block-gallery-is-layout-flex\"><ul class=\"blocks-gallery-grid\"><li class=\"blocks-gallery-item\"><figure><img loading=\"lazy\" decoding=\"async\" width=\"100\" height=\"79\" src=\"https:\/\/mobiloso.com\/wp-content\/uploads\/2021\/04\/carrefour.png\" alt=\"\" data-id=\"96\" data-link=\"https:\/\/mobiloso.com\/?attachment_id=96\" class=\"wp-image-96\"\/><\/figure><\/li><\/ul><\/figure>\n\n\n\n<p>Nuestro modelo de negocio simplifica los problemas vinculados a la venta de esta <strong>complicada categor\u00eda<\/strong> en supermercados haci\u00e9ndola autom\u00e1tica e inyectando <strong>rentabilidad directa<\/strong> a su empresa.<\/p>\n\n\n\n<figure class=\"wp-block-image size-large is-resized\"><img loading=\"lazy\" decoding=\"async\" src=\"https:\/\/mobiloso.com\/wp-content\/uploads\/2021\/04\/Mobiloso-Retail-1024x800.jpg\" alt=\"\" class=\"wp-image-32\" width=\"768\" height=\"600\" srcset=\"https:\/\/mobiloso.com\/wp-content\/uploads\/2021\/04\/Mobiloso-Retail-1024x800.jpg 1024w, https:\/\/mobiloso.com\/wp-content\/uploads\/2021\/04\/Mobiloso-Retail-300x234.jpg 300w, https:\/\/mobiloso.com\/wp-content\/uploads\/2021\/04\/Mobiloso-Retail-768x600.jpg 768w, https:\/\/mobiloso.com\/wp-content\/uploads\/2021\/04\/Mobiloso-Retail.jpg 1280w\" sizes=\"auto, (max-width: 768px) 100vw, 768px\" \/><\/figure>\n\n\n\n<p>&nbsp;Sin necesidad de <strong>ninguna inversi\u00f3n ni operativa<\/strong> para su negocio, resolvemos las necesidades crecientes del mercado de accesorios de sus clientes y todo en el espacio m\u00ednimo.<\/p>\n\n\n\n<p>Ofrecemos una variedad de productos para el m\u00f3vil que cubren todas las necesidades de los dispositivos m\u00e1s populares del mercado, con accesorios originales Apple y Samsung y accesorios de primeras marcas.<\/p>\n\n\n\n<h3 class=\"has-white-color has-text-color has-background wp-block-heading\" style=\"background-color:#395ca3\">SECTOR TRANSPORTE<\/h3>\n\n\n\n<blockquote class=\"wp-block-quote is-layout-flow wp-block-quote-is-layout-flow\"><p>Mobiloso es la primera red de puntos de venta autom\u00e1ticos para accesorios de telefon\u00eda m\u00f3vil en el transporte urbano<\/p><\/blockquote>\n\n\n\n<figure class=\"wp-block-gallery columns-3 wp-block-gallery-4 is-layout-flex wp-block-gallery-is-layout-flex\"><ul class=\"blocks-gallery-grid\"><li class=\"blocks-gallery-item\"><figure><img loading=\"lazy\" decoding=\"async\" width=\"200\" height=\"128\" src=\"https:\/\/mobiloso.com\/wp-content\/uploads\/2021\/04\/Metro-BCN.png\" alt=\"\" data-id=\"126\" data-full-url=\"https:\/\/mobiloso.com\/wp-content\/uploads\/2021\/04\/Metro-BCN.png\" data-link=\"https:\/\/mobiloso.com\/?attachment_id=126\" class=\"wp-image-126\"\/><\/figure><\/li><li class=\"blocks-gallery-item\"><figure><img loading=\"lazy\" decoding=\"async\" width=\"200\" height=\"87\" src=\"https:\/\/mobiloso.com\/wp-content\/uploads\/2021\/04\/fgc_logo.png\" alt=\"\" data-id=\"125\" data-full-url=\"https:\/\/mobiloso.com\/wp-content\/uploads\/2021\/04\/fgc_logo.png\" data-link=\"https:\/\/mobiloso.com\/?attachment_id=125\" class=\"wp-image-125\"\/><\/figure><\/li><li class=\"blocks-gallery-item\"><figure><img loading=\"lazy\" decoding=\"async\" width=\"200\" height=\"84\" src=\"https:\/\/mobiloso.com\/wp-content\/uploads\/2021\/04\/Renfe_Operadora.png\" alt=\"\" data-id=\"127\" data-full-url=\"https:\/\/mobiloso.com\/wp-content\/uploads\/2021\/04\/Renfe_Operadora.png\" data-link=\"https:\/\/mobiloso.com\/?attachment_id=127\" class=\"wp-image-127\"\/><\/figure><\/li><\/ul><\/figure>\n\n\n\n<h4 class=\"wp-block-heading\">UN SERVICIO DE CONVENIENCIA PARA LOS USUARIOS DE TRANSPORTE P\u00daBLICO<\/h4>\n\n\n\n<p>Presentes desde hace 12 a\u00f1os y m\u00e1s de 1 mill\u00f3n de operaciones en redes de transporte de Barcelona y Madrid nuestras m\u00e1quinas ofrecen un cat\u00e1logo de hasta 70 productos de calidad y al mejor precio.<\/p>\n\n\n\n<figure class=\"wp-block-image size-large\"><img loading=\"lazy\" decoding=\"async\" width=\"600\" height=\"529\" src=\"https:\/\/mobiloso.com\/wp-content\/uploads\/2021\/04\/Mobiloso2.jpg\" alt=\"\" class=\"wp-image-130\" srcset=\"https:\/\/mobiloso.com\/wp-content\/uploads\/2021\/04\/Mobiloso2.jpg 600w, https:\/\/mobiloso.com\/wp-content\/uploads\/2021\/04\/Mobiloso2-300x265.jpg 300w\" sizes=\"auto, (max-width: 600px) 100vw, 600px\" \/><\/figure>\n\n\n\n<p>El servicio autom\u00e1tico se complementa con un excelente servicio de atenci\u00f3n al cliente con pantallas de informaci\u00f3n, n\u00famero de atenci\u00f3n gratuito y compromiso de cambio y garant\u00eda.<\/p>\n\n\n\n<p>Nuestra experiencia en entornos p\u00fablicos asegura un funcionamiento ininterrumpido las 24h del d\u00eda y un cumplimiento estricto con normas de seguridad, plazos de instalaci\u00f3n y contratos<\/p>\n","protected":false},"excerpt":{"rendered":"<div class=\"slide-text-bg2\"><span>Porque la satisfacci\u00f3n de sus clientes es nuestro principal objetivo ofrecemos un servicio de venta autom\u00e1tica a trav\u00e9s de nuestras exclusivas vitrinas <\/span><\/div>\n<div class=\"slide-btn-area-sm\"><a href=\"https:\/\/mobiloso.com\/?page_id=2\" class=\"slide-btn-sm\">Leer m\u00e1s<\/a><\/div>\n","protected":false},"author":1,"featured_media":0,"parent":0,"menu_order":0,"comment_status":"closed","ping_status":"open","template":"","meta":{"footnotes":""},"class_list":["post-2","page","type-page","status-publish","hentry"],"_links":{"self":[{"href":"https:\/\/mobiloso.com\/index.php?rest_route=\/wp\/v2\/pages\/2","targetHints":{"allow":["GET"]}}],"collection":[{"href":"https:\/\/mobiloso.com\/index.php?rest_route=\/wp\/v2\/pages"}],"about":[{"href":"https:\/\/mobiloso.com\/index.php?rest_route=\/wp\/v2\/types\/page"}],"author":[{"embeddable":true,"href":"https:\/\/mobiloso.com\/index.php?rest_route=\/wp\/v2\/users\/1"}],"replies":[{"embeddable":true,"href":"https:\/\/mobiloso.com\/index.php?rest_route=%2Fwp%2Fv2%2Fcomments&post=2"}],"version-history":[{"count":30,"href":"https:\/\/mobiloso.com\/index.php?rest_route=\/wp\/v2\/pages\/2\/revisions"}],"predecessor-version":[{"id":179,"href":"https:\/\/mobiloso.com\/index.php?rest_route=\/wp\/v2\/pages\/2\/revisions\/179"}],"wp:attachment":[{"href":"https:\/\/mobiloso.com\/index.php?rest_route=%2Fwp%2Fv2%2Fmedia&parent=2"}],"curies":[{"name":"wp","href":"https:\/\/api.w.org\/{rel}","templated":true}]}}